{"id":54,"date":"2022-05-26T10:35:09","date_gmt":"2022-05-26T10:35:09","guid":{"rendered":"https:\/\/santamariaqrendi.com\/?page_id=54"},"modified":"2026-02-27T18:21:20","modified_gmt":"2026-02-27T18:21:20","slug":"corporate","status":"publish","type":"page","link":"https:\/\/santamariaqrendi.com\/","title":{"rendered":"Corporate"},"content":{"rendered":"\t\t<div data-elementor-type=\"wp-page\" data-elementor-id=\"54\" class=\"elementor elementor-54\" data-elementor-post-type=\"page\">\n\t\t\t\t\t\t<div class=\"elementor-section elementor-top-section elementor-element elementor-element-590966e elementor-section-boxed elementor-section-height-default elementor-section-height-default\" data-id=\"590966e\" data-element_type=\"section\">\n\t\t\t\t\t\t<div class=\"elementor-container elementor-column-gap-default\">\n\t\t\t\t\t<div class=\"elementor-column elementor-col-50 elementor-top-column elementor-element elementor-element-1663d35 animated-slow elementor-invisible\" data-id=\"1663d35\" data-element_type=\"column\" data-settings=\"{&quot;animation&quot;:&quot;fadeInLeft&quot;}\">\n\t\t\t<div class=\"elementor-widget-wrap elementor-element-populated\">\n\t\t\t\t\t\t<div class=\"elementor-element elementor-element-bb95adc  ui-split-animate ui-splitby-chars elementor-widget elementor-widget-heading\" data-id=\"bb95adc\" data-element_type=\"widget\" data-settings=\"{&quot;ui_animate_split&quot;:&quot;ui-split-animate&quot;,&quot;ui_animate_split_style&quot;:&quot;fadeInUpAlt&quot;,&quot;ui_animate_split_by&quot;:&quot;chars&quot;}\" data-widget_type=\"heading.default\">\n\t\t\t\t<div class=\"elementor-widget-container\">\n\t\t\t\t\t<h1 class=\"elementor-heading-title elementor-size-default\">Mer\u0127ba<\/h1>\t\t\t\t<\/div>\n\t\t\t\t<\/div>\n\t\t\t\t<div class=\"elementor-element elementor-element-b21e6f1 elementor-widget__width-initial elementor-widget-mobile__width-inherit  ui-split-animate ui-splitby-lines elementor-widget elementor-widget-text-editor\" data-id=\"b21e6f1\" data-element_type=\"widget\" data-settings=\"{&quot;ui_animate_split&quot;:&quot;ui-split-animate&quot;,&quot;ui_animate_split_by&quot;:&quot;lines&quot;,&quot;ui_animate_split_style&quot;:&quot;fadeInUp&quot;}\" data-widget_type=\"text-editor.default\">\n\t\t\t\t<div class=\"elementor-widget-container\">\n\t\t\t\t\t\t\t\t\t<h3>Fis-sit uffi\u010bjali tas-So\u010bjet\u00e0 Mu\u017cikali <br>Santa Marija, Qrendi<\/h3>\t\t\t\t\t\t\t\t<\/div>\n\t\t\t\t<\/div>\n\t\t\t\t<div class=\"elementor-element elementor-element-23931c1 elementor-widget elementor-widget-spacer\" data-id=\"23931c1\" data-element_type=\"widget\" data-widget_type=\"spacer.default\">\n\t\t\t\t<div class=\"elementor-widget-container\">\n\t\t\t\t\t\t\t<div class=\"elementor-spacer\">\n\t\t\t<div class=\"elementor-spacer-inner\"><\/div>\n\t\t<\/div>\n\t\t\t\t\t\t<\/div>\n\t\t\t\t<\/div>\n\t\t\t\t<div class=\"elementor-element elementor-element-a07d089 elementor-widget__width-auto elementor-invisible elementor-widget elementor-widget-button\" data-id=\"a07d089\" data-element_type=\"widget\" data-settings=\"{&quot;_animation&quot;:&quot;fadeInUp&quot;,&quot;_animation_delay&quot;:950}\" data-widget_type=\"button.default\">\n\t\t\t\t<div class=\"elementor-widget-container\">\n\t\t\t\t\t\t\t\t\t<div class=\"elementor-button-wrapper\">\n\t\t\t\t\t<a class=\"elementor-button elementor-button-link elementor-size-sm\" href=\"mms:\/\/radio.techzonemt.com:1036\">\n\t\t\t\t\t\t<span class=\"elementor-button-content-wrapper\">\n\t\t\t\t\t\t<span class=\"elementor-button-icon\">\n\t\t\t\t<svg aria-hidden=\"true\" class=\"e-font-icon-svg e-fas-play-circle\" viewBox=\"0 0 512 512\" xmlns=\"http:\/\/www.w3.org\/2000\/svg\"><path d=\"M256 8C119 8 8 119 8 256s111 248 248 248 248-111 248-248S393 8 256 8zm115.7 272l-176 101c-15.8 8.8-35.7-2.5-35.7-21V152c0-18.4 19.8-29.8 35.7-21l176 107c16.4 9.2 16.4 32.9 0 42z\"><\/path><\/svg>\t\t\t<\/span>\n\t\t\t\t\t\t\t\t\t<span class=\"elementor-button-text\">Isma Rajdu 15 ta' Awwissu<\/span>\n\t\t\t\t\t<\/span>\n\t\t\t\t\t<\/a>\n\t\t\t\t<\/div>\n\t\t\t\t\t\t\t\t<\/div>\n\t\t\t\t<\/div>\n\t\t\t\t<div class=\"elementor-element elementor-element-2c5aea0 elementor-widget elementor-widget-spacer\" data-id=\"2c5aea0\" data-element_type=\"widget\" data-widget_type=\"spacer.default\">\n\t\t\t\t<div class=\"elementor-widget-container\">\n\t\t\t\t\t\t\t<div class=\"elementor-spacer\">\n\t\t\t<div class=\"elementor-spacer-inner\"><\/div>\n\t\t<\/div>\n\t\t\t\t\t\t<\/div>\n\t\t\t\t<\/div>\n\t\t\t\t\t<\/div>\n\t\t<\/div>\n\t\t\t\t<div class=\"elementor-column elementor-col-50 elementor-top-column elementor-element elementor-element-7d8131e animated-slow elementor-invisible\" data-id=\"7d8131e\" data-element_type=\"column\" data-settings=\"{&quot;animation&quot;:&quot;fadeInRight&quot;,&quot;animation_delay&quot;:800}\">\n\t\t\t<div class=\"elementor-widget-wrap elementor-element-populated\">\n\t\t\t\t\t\t<div class=\"elementor-element elementor-element-43ece48 elementor-widget elementor-widget-embedpres_elementor\" data-id=\"43ece48\" data-element_type=\"widget\" data-widget_type=\"embedpres_elementor.default\">\n\t\t\t\t<div class=\"elementor-widget-container\">\n\t\t\t\t\t\n\t\t<div class=\"embedpress-elements-wrapper \" id=\"ep-elements-id-43ece48\">\n\n\t\t\t\t\t\t\t<div id=\"ep-elementor-content-43ece48\" \n\t\t\t\t\tclass=\"ep-elementor-content \n\t\t\t\t\t \n\t\t\t\t\t  ep-content-protection-disabled \n\t\t\t\t\tsource-twitch\t\t\t\t\t\">\n\n\t\t\t\t\t<div id=\"43ece48\" \n\t\t\t\t\t\tclass=\"ep-embed-content-wrapper \n\t\t\t\t\t\t \n\t\t\t\t\t\t \n\t\t\t\t\t\t\" \n\t\t\t\t\t\t\t\t\t\t\t\t\t\t\t\t\t\t\t\t\t\t\t\t>\n\n\t\t\t\t\t\t<div id=\"ep-elementor-content-43ece48\" \n\t\t\t\t\t\t\tclass=\"ep-elementor-content \n\t\t\t\t\t\t\t \n\t\t\t\t\t\t\t  ep-content-protection-disabled \n\t\t\t\t\t\t\tsource-twitch\">\n\n\t\t\t\t\t\t\t<div >\n\t\t\t\t\t\t\t\t<div id=\"43ece48\" \n\t\t\t\t\t\t\t\t\tclass=\"ep-embed-content-wraper \n\t\t\t\t\t\t\t\t\t\" \n\t\t\t\t\t\t\t\t\t \n\t\t\t\t\t\t\t\t\t>\n\n\t\t\t\t\t\t\t\t\t<div class=\"ose-twitch ose-uid-c4c0b97be453e76abb52d76086703259 ose-embedpress-responsive\" style=\"width:600px; height:550px; max-height:550px; max-width:100%; display:inline-block;\"><iframe allowfullscreen=\"true\" src=\"https:\/\/embed.twitch.tv?autoplay=true&channel=radju15tawwissu&height=340&layout=video&migration=true&muted=false&theme=light&time=0h0m0s&video=&width=600&allowfullscreen=true&parent=santamariaqrendi.com\" height=\"550\" width=\"600\" scrolling=\"no\" frameborder=\"0\" loading=\"lazy\"><\/iframe><\/div>\t\t\t\t\t\t\t\t<\/div>\n\n\t\t\t\t\t\t\t\t\t\t\t\t\t\t\t<\/div>\n\t\t\t\t\t\t<\/div>\n\t\t\t\t\t<\/div>\n\t\t\t\t<\/div>\n\n\t\t\t\t\t\t\t\n\t\t<\/div>\n\n\n\t\t\n\t\t\t\t<\/div>\n\t\t\t\t<\/div>\n\t\t\t\t\t<\/div>\n\t\t<\/div>\n\t\t\t\t\t<\/div>\n\t\t<\/div>\n\t\t\t\t<div class=\"elementor-section elementor-top-section elementor-element elementor-element-919dcca element-pack-agbg-yes ssnow-bg elementor-section-boxed elementor-section-height-default elementor-section-height-default\" data-id=\"919dcca\" data-element_type=\"section\" data-settings=\"{&quot;element_pack_agbg_color_list&quot;:[{&quot;_id&quot;:&quot;01bfc7f&quot;,&quot;start_color&quot;:&quot;#9A0F2E&quot;,&quot;end_color&quot;:&quot;#C30F2E&quot;}],&quot;element_pack_agbg_show&quot;:&quot;yes&quot;,&quot;element_pack_agbg_direction&quot;:&quot;diagonal&quot;,&quot;element_pack_agbg_transitionSpeed&quot;:{&quot;unit&quot;:&quot;px&quot;,&quot;size&quot;:&quot;&quot;,&quot;sizes&quot;:[]}}\">\n\t\t\t\t\t\t<div class=\"elementor-container elementor-column-gap-default\">\n\t\t\t\t\t<div class=\"elementor-column elementor-col-100 elementor-top-column elementor-element elementor-element-5d16ef2\" data-id=\"5d16ef2\" data-element_type=\"column\">\n\t\t\t<div class=\"elementor-widget-wrap elementor-element-populated\">\n\t\t\t\t\t\t<div class=\"elementor-element elementor-element-ca3fcdc  ui-split-animate ui-splitby-chars elementor-widget elementor-widget-heading\" data-id=\"ca3fcdc\" data-element_type=\"widget\" data-settings=\"{&quot;ui_animate_split&quot;:&quot;ui-split-animate&quot;,&quot;ui_animate_split_by&quot;:&quot;chars&quot;,&quot;ui_animate_split_style&quot;:&quot;fadeInUp&quot;}\" data-widget_type=\"heading.default\">\n\t\t\t\t<div class=\"elementor-widget-container\">\n\t\t\t\t\t<h3 class=\"elementor-heading-title elementor-size-default\">L-Attivitajiet organizzati mis-So\u010bjet\u00e0 Mu\u017cikali Santa Marija, Qrendi g\u0127al matul il-Festi tal-G\u0127id\n<\/h3>\t\t\t\t<\/div>\n\t\t\t\t<\/div>\n\t\t\t\t<div class=\"elementor-element elementor-element-010d39c elementor-skin-carousel elementor-arrows-yes elementor-pagination-type-bullets elementor-pagination-position-outside elementor-widget elementor-widget-media-carousel\" data-id=\"010d39c\" data-element_type=\"widget\" data-settings=\"{&quot;skin&quot;:&quot;carousel&quot;,&quot;effect&quot;:&quot;slide&quot;,&quot;show_arrows&quot;:&quot;yes&quot;,&quot;pagination&quot;:&quot;bullets&quot;,&quot;speed&quot;:500,&quot;autoplay&quot;:&quot;yes&quot;,&quot;autoplay_speed&quot;:5000,&quot;loop&quot;:&quot;yes&quot;,&quot;pause_on_hover&quot;:&quot;yes&quot;,&quot;pause_on_interaction&quot;:&quot;yes&quot;,&quot;space_between&quot;:{&quot;unit&quot;:&quot;px&quot;,&quot;size&quot;:10,&quot;sizes&quot;:[]},&quot;space_between_tablet&quot;:{&quot;unit&quot;:&quot;px&quot;,&quot;size&quot;:10,&quot;sizes&quot;:[]},&quot;space_between_mobile&quot;:{&quot;unit&quot;:&quot;px&quot;,&quot;size&quot;:10,&quot;sizes&quot;:[]}}\" data-widget_type=\"media-carousel.default\">\n\t\t\t\t<div class=\"elementor-widget-container\">\n\t\t\t\t\t\t\t\t\t<div class=\"elementor-swiper\">\n\t\t\t\t\t<div class=\"elementor-main-swiper swiper\" role=\"region\" aria-roledescription=\"carousel\" aria-label=\"Slides\">\n\t\t\t\t<div class=\"swiper-wrapper\">\n\t\t\t\t\t\t\t\t\t\t\t<div class=\"swiper-slide\" role=\"group\" aria-roledescription=\"slide\">\n\t\t\t\t\t\t\t<a href=\"https:\/\/santamariaqrendi.com\/wp-content\/uploads\/2026\/02\/BG25.jpeg\" data-elementor-open-lightbox=\"yes\" data-elementor-lightbox-slideshow=\"010d39c\" data-elementor-lightbox-title=\"BG25\" data-e-action-hash=\"#elementor-action%3Aaction%3Dlightbox%26settings%3DeyJpZCI6NDM1LCJ1cmwiOiJodHRwczpcL1wvc2FudGFtYXJpYXFyZW5kaS5jb21cL3dwLWNvbnRlbnRcL3VwbG9hZHNcLzIwMjZcLzAyXC9CRzI1LmpwZWciLCJzbGlkZXNob3ciOiIwMTBkMzljIn0%3D\">\t\t<div class=\"elementor-carousel-image\" role=\"img\" aria-label=\"BG25\" style=\"background-image: url(&#039;https:\/\/santamariaqrendi.com\/wp-content\/uploads\/2026\/02\/BG25.jpeg&#039;)\">\n\n\t\t\t\n\t\t\t\t\t<\/div>\n\t\t<\/a>\t\t\t\t\t\t<\/div>\n\t\t\t\t\t\t\t\t\t\t\t<div class=\"swiper-slide\" role=\"group\" aria-roledescription=\"slide\">\n\t\t\t\t\t\t\t<a href=\"https:\/\/santamariaqrendi.com\/wp-content\/uploads\/2026\/02\/MM25.jpeg\" data-elementor-open-lightbox=\"yes\" data-elementor-lightbox-slideshow=\"010d39c\" data-elementor-lightbox-title=\"MM25\" data-e-action-hash=\"#elementor-action%3Aaction%3Dlightbox%26settings%3DeyJpZCI6NDM4LCJ1cmwiOiJodHRwczpcL1wvc2FudGFtYXJpYXFyZW5kaS5jb21cL3dwLWNvbnRlbnRcL3VwbG9hZHNcLzIwMjZcLzAyXC9NTTI1LmpwZWciLCJzbGlkZXNob3ciOiIwMTBkMzljIn0%3D\">\t\t<div class=\"elementor-carousel-image\" role=\"img\" aria-label=\"MM25\" style=\"background-image: url(&#039;https:\/\/santamariaqrendi.com\/wp-content\/uploads\/2026\/02\/MM25.jpeg&#039;)\">\n\n\t\t\t\n\t\t\t\t\t<\/div>\n\t\t<\/a>\t\t\t\t\t\t<\/div>\n\t\t\t\t\t\t\t\t\t\t\t<div class=\"swiper-slide\" role=\"group\" aria-roledescription=\"slide\">\n\t\t\t\t\t\t\t<a href=\"https:\/\/santamariaqrendi.com\/wp-content\/uploads\/2026\/02\/QV26.jpeg\" data-elementor-open-lightbox=\"yes\" data-elementor-lightbox-slideshow=\"010d39c\" data-elementor-lightbox-title=\"QV26\" data-e-action-hash=\"#elementor-action%3Aaction%3Dlightbox%26settings%3DeyJpZCI6NDQwLCJ1cmwiOiJodHRwczpcL1wvc2FudGFtYXJpYXFyZW5kaS5jb21cL3dwLWNvbnRlbnRcL3VwbG9hZHNcLzIwMjZcLzAyXC9RVjI2LmpwZWciLCJzbGlkZXNob3ciOiIwMTBkMzljIn0%3D\">\t\t<div class=\"elementor-carousel-image\" role=\"img\" aria-label=\"QV26\" style=\"background-image: url(&#039;https:\/\/santamariaqrendi.com\/wp-content\/uploads\/2026\/02\/QV26.jpeg&#039;)\">\n\n\t\t\t\n\t\t\t\t\t<\/div>\n\t\t<\/a>\t\t\t\t\t\t<\/div>\n\t\t\t\t\t\t\t\t\t\t\t<div class=\"swiper-slide\" role=\"group\" aria-roledescription=\"slide\">\n\t\t\t\t\t\t\t<a href=\"https:\/\/santamariaqrendi.com\/wp-content\/uploads\/2026\/02\/PR28.jpeg\" data-elementor-open-lightbox=\"yes\" data-elementor-lightbox-slideshow=\"010d39c\" data-elementor-lightbox-title=\"PR28\" data-e-action-hash=\"#elementor-action%3Aaction%3Dlightbox%26settings%3DeyJpZCI6NDM5LCJ1cmwiOiJodHRwczpcL1wvc2FudGFtYXJpYXFyZW5kaS5jb21cL3dwLWNvbnRlbnRcL3VwbG9hZHNcLzIwMjZcLzAyXC9QUjI4LmpwZWciLCJzbGlkZXNob3ciOiIwMTBkMzljIn0%3D\">\t\t<div class=\"elementor-carousel-image\" role=\"img\" aria-label=\"PR28\" style=\"background-image: url(&#039;https:\/\/santamariaqrendi.com\/wp-content\/uploads\/2026\/02\/PR28.jpeg&#039;)\">\n\n\t\t\t\n\t\t\t\t\t<\/div>\n\t\t<\/a>\t\t\t\t\t\t<\/div>\n\t\t\t\t\t\t\t\t\t\t\t<div class=\"swiper-slide\" role=\"group\" aria-roledescription=\"slide\">\n\t\t\t\t\t\t\t<a href=\"https:\/\/santamariaqrendi.com\/wp-content\/uploads\/2026\/02\/HX2.jpeg\" data-elementor-open-lightbox=\"yes\" data-elementor-lightbox-slideshow=\"010d39c\" data-elementor-lightbox-title=\"HX2\" data-e-action-hash=\"#elementor-action%3Aaction%3Dlightbox%26settings%3DeyJpZCI6NDM2LCJ1cmwiOiJodHRwczpcL1wvc2FudGFtYXJpYXFyZW5kaS5jb21cL3dwLWNvbnRlbnRcL3VwbG9hZHNcLzIwMjZcLzAyXC9IWDIuanBlZyIsInNsaWRlc2hvdyI6IjAxMGQzOWMifQ%3D%3D\">\t\t<div class=\"elementor-carousel-image\" role=\"img\" aria-label=\"HX2\" style=\"background-image: url(&#039;https:\/\/santamariaqrendi.com\/wp-content\/uploads\/2026\/02\/HX2.jpeg&#039;)\">\n\n\t\t\t\n\t\t\t\t\t<\/div>\n\t\t<\/a>\t\t\t\t\t\t<\/div>\n\t\t\t\t\t\t\t\t\t\t\t<div class=\"swiper-slide\" role=\"group\" aria-roledescription=\"slide\">\n\t\t\t\t\t\t\t<a href=\"https:\/\/santamariaqrendi.com\/wp-content\/uploads\/2026\/02\/KR5.jpeg\" data-elementor-open-lightbox=\"yes\" data-elementor-lightbox-slideshow=\"010d39c\" data-elementor-lightbox-title=\"KR5\" data-e-action-hash=\"#elementor-action%3Aaction%3Dlightbox%26settings%3DeyJpZCI6NDM3LCJ1cmwiOiJodHRwczpcL1wvc2FudGFtYXJpYXFyZW5kaS5jb21cL3dwLWNvbnRlbnRcL3VwbG9hZHNcLzIwMjZcLzAyXC9LUjUuanBlZyIsInNsaWRlc2hvdyI6IjAxMGQzOWMifQ%3D%3D\">\t\t<div class=\"elementor-carousel-image\" role=\"img\" aria-label=\"KR5\" style=\"background-image: url(&#039;https:\/\/santamariaqrendi.com\/wp-content\/uploads\/2026\/02\/KR5.jpeg&#039;)\">\n\n\t\t\t\n\t\t\t\t\t<\/div>\n\t\t<\/a>\t\t\t\t\t\t<\/div>\n\t\t\t\t\t\t\t\t\t<\/div>\n\t\t\t\t\t\t\t\t\t\t\t\t\t\t\t<div class=\"elementor-swiper-button elementor-swiper-button-prev\" role=\"button\" tabindex=\"0\" aria-label=\"Previous\">\n\t\t\t\t\t\t\t<svg aria-hidden=\"true\" class=\"e-font-icon-svg e-eicon-chevron-left\" viewBox=\"0 0 1000 1000\" xmlns=\"http:\/\/www.w3.org\/2000\/svg\"><path d=\"M646 125C629 125 613 133 604 142L308 442C296 454 292 471 292 487 292 504 296 521 308 533L604 854C617 867 629 875 646 875 663 875 679 871 692 858 704 846 713 829 713 812 713 796 708 779 692 767L438 487 692 225C700 217 708 204 708 187 708 171 704 154 692 142 675 129 663 125 646 125Z\"><\/path><\/svg>\t\t\t\t\t\t<\/div>\n\t\t\t\t\t\t<div class=\"elementor-swiper-button elementor-swiper-button-next\" role=\"button\" tabindex=\"0\" aria-label=\"Next\">\n\t\t\t\t\t\t\t<svg aria-hidden=\"true\" class=\"e-font-icon-svg e-eicon-chevron-right\" viewBox=\"0 0 1000 1000\" xmlns=\"http:\/\/www.w3.org\/2000\/svg\"><path d=\"M696 533C708 521 713 504 713 487 713 471 708 454 696 446L400 146C388 133 375 125 354 125 338 125 325 129 313 142 300 154 292 171 292 187 292 204 296 221 308 233L563 492 304 771C292 783 288 800 288 817 288 833 296 850 308 863 321 871 338 875 354 875 371 875 388 867 400 854L696 533Z\"><\/path><\/svg>\t\t\t\t\t\t<\/div>\n\t\t\t\t\t\t\t\t\t\t\t\t\t\t\t\t<div class=\"swiper-pagination\"><\/div>\n\t\t\t\t\t\t\t\t\t\t\t\t<\/div>\n\t\t\t\t<\/div>\n\t\t\t\t\t\t\t\t<\/div>\n\t\t\t\t<\/div>\n\t\t\t\t\t<\/div>\n\t\t<\/div>\n\t\t\t\t\t<\/div>\n\t\t<\/div>\n\t\t\t\t<div class=\"elementor-section elementor-top-section elementor-element elementor-element-4188aac element-pack-agbg-yes elementor-hidden-desktop elementor-hidden-tablet elementor-hidden-mobile elementor-section-boxed elementor-section-height-default elementor-section-height-default\" data-id=\"4188aac\" data-element_type=\"section\" data-settings=\"{&quot;element_pack_agbg_color_list&quot;:[{&quot;_id&quot;:&quot;01bfc7f&quot;,&quot;start_color&quot;:&quot;#9A0F2E&quot;,&quot;end_color&quot;:&quot;#C30F2E&quot;}],&quot;element_pack_agbg_show&quot;:&quot;yes&quot;,&quot;element_pack_agbg_direction&quot;:&quot;diagonal&quot;,&quot;element_pack_agbg_transitionSpeed&quot;:{&quot;unit&quot;:&quot;px&quot;,&quot;size&quot;:&quot;&quot;,&quot;sizes&quot;:[]}}\">\n\t\t\t\t\t\t<div class=\"elementor-container elementor-column-gap-default\">\n\t\t\t\t\t<div class=\"elementor-column elementor-col-33 elementor-top-column elementor-element elementor-element-64ae826\" data-id=\"64ae826\" data-element_type=\"column\">\n\t\t\t<div class=\"elementor-widget-wrap elementor-element-populated\">\n\t\t\t\t\t\t<div class=\"elementor-element elementor-element-7c56725 elementor-widget elementor-widget-image\" data-id=\"7c56725\" data-element_type=\"widget\" data-widget_type=\"image.default\">\n\t\t\t\t<div class=\"elementor-widget-container\">\n\t\t\t\t\t\t\t\t\t\t\t\t\t\t\t\t<a href=\"https:\/\/santamariaqrendi.com\/wp-content\/uploads\/2024\/03\/mater_misericordiae.jpeg\" data-elementor-open-lightbox=\"yes\" data-elementor-lightbox-title=\"mater_misericordiae\" data-e-action-hash=\"#elementor-action%3Aaction%3Dlightbox%26settings%3DeyJpZCI6MjY4LCJ1cmwiOiJodHRwczpcL1wvc2FudGFtYXJpYXFyZW5kaS5jb21cL3dwLWNvbnRlbnRcL3VwbG9hZHNcLzIwMjRcLzAzXC9tYXRlcl9taXNlcmljb3JkaWFlLmpwZWcifQ%3D%3D\">\n\t\t\t\t\t\t\t<img fetchpriority=\"high\" decoding=\"async\" width=\"724\" height=\"1024\" src=\"https:\/\/santamariaqrendi.com\/wp-content\/uploads\/2024\/03\/mater_misericordiae-724x1024.jpeg\" class=\"attachment-large size-large wp-image-268\" alt=\"\" srcset=\"https:\/\/santamariaqrendi.com\/wp-content\/uploads\/2024\/03\/mater_misericordiae-724x1024.jpeg 724w, https:\/\/santamariaqrendi.com\/wp-content\/uploads\/2024\/03\/mater_misericordiae-212x300.jpeg 212w, https:\/\/santamariaqrendi.com\/wp-content\/uploads\/2024\/03\/mater_misericordiae-768x1086.jpeg 768w, https:\/\/santamariaqrendi.com\/wp-content\/uploads\/2024\/03\/mater_misericordiae-1086x1536.jpeg 1086w, https:\/\/santamariaqrendi.com\/wp-content\/uploads\/2024\/03\/mater_misericordiae-459x650.jpeg 459w, https:\/\/santamariaqrendi.com\/wp-content\/uploads\/2024\/03\/mater_misericordiae.jpeg 1131w\" sizes=\"(max-width: 724px) 100vw, 724px\" \/>\t\t\t\t\t\t\t\t<\/a>\n\t\t\t\t\t\t\t\t\t\t\t\t\t\t\t<\/div>\n\t\t\t\t<\/div>\n\t\t\t\t\t<\/div>\n\t\t<\/div>\n\t\t\t\t<div class=\"elementor-column elementor-col-33 elementor-top-column elementor-element elementor-element-1a22475\" data-id=\"1a22475\" data-element_type=\"column\">\n\t\t\t<div class=\"elementor-widget-wrap elementor-element-populated\">\n\t\t\t\t\t\t<div class=\"elementor-element elementor-element-c39772b elementor-widget elementor-widget-image\" data-id=\"c39772b\" data-element_type=\"widget\" data-widget_type=\"image.default\">\n\t\t\t\t<div class=\"elementor-widget-container\">\n\t\t\t\t\t\t\t\t\t\t\t\t\t\t\t\t<a href=\"https:\/\/santamariaqrendi.com\/wp-content\/uploads\/2024\/03\/siegha_adorazzjoni.jpeg\" data-elementor-open-lightbox=\"yes\" data-elementor-lightbox-title=\"siegha_adorazzjoni\" data-e-action-hash=\"#elementor-action%3Aaction%3Dlightbox%26settings%3DeyJpZCI6MjY5LCJ1cmwiOiJodHRwczpcL1wvc2FudGFtYXJpYXFyZW5kaS5jb21cL3dwLWNvbnRlbnRcL3VwbG9hZHNcLzIwMjRcLzAzXC9zaWVnaGFfYWRvcmF6empvbmkuanBlZyJ9\">\n\t\t\t\t\t\t\t<img decoding=\"async\" width=\"1000\" height=\"707\" src=\"https:\/\/santamariaqrendi.com\/wp-content\/uploads\/2024\/03\/siegha_adorazzjoni-1024x724.jpeg\" class=\"attachment-large size-large wp-image-269\" alt=\"\" srcset=\"https:\/\/santamariaqrendi.com\/wp-content\/uploads\/2024\/03\/siegha_adorazzjoni-1024x724.jpeg 1024w, https:\/\/santamariaqrendi.com\/wp-content\/uploads\/2024\/03\/siegha_adorazzjoni-300x212.jpeg 300w, https:\/\/santamariaqrendi.com\/wp-content\/uploads\/2024\/03\/siegha_adorazzjoni-768x543.jpeg 768w, https:\/\/santamariaqrendi.com\/wp-content\/uploads\/2024\/03\/siegha_adorazzjoni-1536x1086.jpeg 1536w, https:\/\/santamariaqrendi.com\/wp-content\/uploads\/2024\/03\/siegha_adorazzjoni-650x459.jpeg 650w, https:\/\/santamariaqrendi.com\/wp-content\/uploads\/2024\/03\/siegha_adorazzjoni.jpeg 1600w\" sizes=\"(max-width: 1000px) 100vw, 1000px\" \/>\t\t\t\t\t\t\t\t<\/a>\n\t\t\t\t\t\t\t\t\t\t\t\t\t\t\t<\/div>\n\t\t\t\t<\/div>\n\t\t\t\t\t<\/div>\n\t\t<\/div>\n\t\t\t\t<div class=\"elementor-column elementor-col-33 elementor-top-column elementor-element elementor-element-234ccba\" data-id=\"234ccba\" data-element_type=\"column\">\n\t\t\t<div class=\"elementor-widget-wrap elementor-element-populated\">\n\t\t\t\t\t\t<div class=\"elementor-element elementor-element-cc78a98 elementor-widget elementor-widget-image\" data-id=\"cc78a98\" data-element_type=\"widget\" data-widget_type=\"image.default\">\n\t\t\t\t<div class=\"elementor-widget-container\">\n\t\t\t\t\t\t\t\t\t\t\t\t\t\t\t\t<a href=\"https:\/\/santamariaqrendi.com\/wp-content\/uploads\/2024\/03\/kolloxmitmum.jpeg\" data-elementor-open-lightbox=\"yes\" data-elementor-lightbox-title=\"kollox)mitmum\" data-e-action-hash=\"#elementor-action%3Aaction%3Dlightbox%26settings%3DeyJpZCI6MjY3LCJ1cmwiOiJodHRwczpcL1wvc2FudGFtYXJpYXFyZW5kaS5jb21cL3dwLWNvbnRlbnRcL3VwbG9hZHNcLzIwMjRcLzAzXC9rb2xsb3htaXRtdW0uanBlZyJ9\">\n\t\t\t\t\t\t\t<img decoding=\"async\" width=\"724\" height=\"1024\" src=\"https:\/\/santamariaqrendi.com\/wp-content\/uploads\/2024\/03\/kolloxmitmum-724x1024.jpeg\" class=\"attachment-large size-large wp-image-267\" alt=\"\" srcset=\"https:\/\/santamariaqrendi.com\/wp-content\/uploads\/2024\/03\/kolloxmitmum-724x1024.jpeg 724w, https:\/\/santamariaqrendi.com\/wp-content\/uploads\/2024\/03\/kolloxmitmum-212x300.jpeg 212w, https:\/\/santamariaqrendi.com\/wp-content\/uploads\/2024\/03\/kolloxmitmum-768x1086.jpeg 768w, https:\/\/santamariaqrendi.com\/wp-content\/uploads\/2024\/03\/kolloxmitmum-1086x1536.jpeg 1086w, https:\/\/santamariaqrendi.com\/wp-content\/uploads\/2024\/03\/kolloxmitmum-459x650.jpeg 459w, https:\/\/santamariaqrendi.com\/wp-content\/uploads\/2024\/03\/kolloxmitmum.jpeg 1131w\" sizes=\"(max-width: 724px) 100vw, 724px\" \/>\t\t\t\t\t\t\t\t<\/a>\n\t\t\t\t\t\t\t\t\t\t\t\t\t\t\t<\/div>\n\t\t\t\t<\/div>\n\t\t\t\t\t<\/div>\n\t\t<\/div>\n\t\t\t\t\t<\/div>\n\t\t<\/div>\n\t\t\t\t<\/div>\n\t\t","protected":false},"excerpt":{"rendered":"<p>Mer\u0127ba Fis-sit uffi\u010bjali tas-So\u010bjet\u00e0 Mu\u017cikali Santa Marija, Qrendi Isma Rajdu 15 ta&#8217; Awwissu L-Attivitajiet organizzati mis-So\u010bjet\u00e0 Mu\u017cikali Santa Marija, Qrendi g\u0127al matul [&hellip;]<\/p>\n","protected":false},"author":1,"featured_media":0,"parent":0,"menu_order":0,"comment_status":"closed","ping_status":"closed","template":"","meta":{"_monsterinsights_skip_tracking":false,"_monsterinsights_sitenote_active":false,"_monsterinsights_sitenote_note":"","_monsterinsights_sitenote_category":0,"footnotes":""},"class_list":["post-54","page","type-page","status-publish","hentry"],"_links":{"self":[{"href":"https:\/\/santamariaqrendi.com\/index.php?rest_route=\/wp\/v2\/pages\/54","targetHints":{"allow":["GET"]}}],"collection":[{"href":"https:\/\/santamariaqrendi.com\/index.php?rest_route=\/wp\/v2\/pages"}],"about":[{"href":"https:\/\/santamariaqrendi.com\/index.php?rest_route=\/wp\/v2\/types\/page"}],"author":[{"embeddable":true,"href":"https:\/\/santamariaqrendi.com\/index.php?rest_route=\/wp\/v2\/users\/1"}],"replies":[{"embeddable":true,"href":"https:\/\/santamariaqrendi.com\/index.php?rest_route=%2Fwp%2Fv2%2Fcomments&post=54"}],"version-history":[{"count":214,"href":"https:\/\/santamariaqrendi.com\/index.php?rest_route=\/wp\/v2\/pages\/54\/revisions"}],"predecessor-version":[{"id":447,"href":"https:\/\/santamariaqrendi.com\/index.php?rest_route=\/wp\/v2\/pages\/54\/revisions\/447"}],"wp:attachment":[{"href":"https:\/\/santamariaqrendi.com\/index.php?rest_route=%2Fwp%2Fv2%2Fmedia&parent=54"}],"curies":[{"name":"wp","href":"https:\/\/api.w.org\/{rel}","templated":true}]}}